{"id":1270,"date":"2025-04-04T07:17:53","date_gmt":"2025-04-04T07:17:53","guid":{"rendered":"https:\/\/project.multimedyaatolyesi.com\/albeon\/?page_id=1270"},"modified":"2025-04-04T07:22:01","modified_gmt":"2025-04-04T07:22:01","slug":"kvkk-html","status":"publish","type":"page","link":"https:\/\/project.multimedyaatolyesi.com\/albeon\/tr\/kvkk-html\/","title":{"rendered":"KVKK Ayd\u0131nlatma Metni"},"content":{"rendered":"\t\t<div data-elementor-type=\"wp-page\" data-elementor-id=\"1270\" class=\"elementor elementor-1270\" data-elementor-post-type=\"page\">\n\t\t\t\t<div class=\"elementor-element elementor-element-47dc501 e-flex e-con-boxed e-con e-parent\" data-id=\"47dc501\" data-element_type=\"container\" data-settings=\"{&quot;background_background&quot;:&quot;classic&quot;}\">\n\t\t\t\t\t<div class=\"e-con-inner\">\n\t\t\t\t<div class=\"elementor-element elementor-element-1cc8b1c elementor-invisible elementor-widget elementor-widget-heading\" data-id=\"1cc8b1c\" data-element_type=\"widget\" data-settings=\"{&quot;_animation&quot;:&quot;zoomIn&quot;}\" data-widget_type=\"heading.default\">\n\t\t\t\t<div class=\"elementor-widget-container\">\n\t\t\t<h1 class=\"elementor-heading-title elementor-size-default\">KVKK Ayd\u0131nlatma Metni<\/h1>\t\t<\/div>\n\t\t\t\t<\/div>\n\t\t\t\t<div class=\"elementor-element elementor-element-5a8c980 elementor-align-center elementor-widget elementor-widget-breadcrumbs\" data-id=\"5a8c980\" data-element_type=\"widget\" data-widget_type=\"breadcrumbs.default\">\n\t\t\t\t<div class=\"elementor-widget-container\">\n\t\t\t<p id=\"breadcrumbs\"><span><span><a href=\"https:\/\/project.multimedyaatolyesi.com\/albeon\/tr\/anasayfa\/\">Albayrak Demir \u00c7elik<\/a><\/span><\/span><\/p>\t\t<\/div>\n\t\t\t\t<\/div>\n\t\t\t\t\t<\/div>\n\t\t\t\t<\/div>\n\t\t<div class=\"elementor-element elementor-element-f3d7b48 e-flex e-con-boxed e-con e-parent\" data-id=\"f3d7b48\" data-element_type=\"container\">\n\t\t\t\t\t<div class=\"e-con-inner\">\n\t\t\t\t<div class=\"elementor-element elementor-element-3a819a4 elementor-invisible elementor-widget elementor-widget-text-editor\" data-id=\"3a819a4\" data-element_type=\"widget\" data-settings=\"{&quot;_animation&quot;:&quot;fadeIn&quot;,&quot;_animation_delay&quot;:100}\" data-widget_type=\"text-editor.default\">\n\t\t\t\t<div class=\"elementor-widget-container\">\n\t\t\t\t\t\t\t<p>6698 say\u0131l\u0131 Ki\u015fisel Verilerin Korunmas\u0131 Kanunu uyar\u0131nca kimli\u011fi belirli veya belirlenebilir ger\u00e7ek ki\u015fiye ili\u015fkin her t\u00fcrl\u00fc bilgi ki\u015fisel veri olarak tan\u0131mlanmaktad\u0131r. Albayrak Galvanizli Tel Fabrikas\u0131, Veri Sorumlusu s\u0131fat\u0131 ile, siz \u00e7al\u0131\u015fanlar\u0131m\u0131zdan elde etti\u011fi ki\u015fisel verilere ili\u015fkin olarak Ki\u015fisel Verilerin Korunmas\u0131 mevzuat\u0131na uygun hareket edebilme amac\u0131yla ayd\u0131nlatma y\u00fck\u00fcml\u00fcl\u00fc\u011f\u00fcn\u00fc yerine getirmeyi ama\u00e7lamaktad\u0131r. Bu do\u011frultuda ki\u015fisel verilerinizin veri sorumlusu taraf\u0131ndan i\u015flenmesi, saklanmas\u0131 ve aktar\u0131lmas\u0131 s\u00fcre\u00e7leriyle ilgili a\u015fa\u011f\u0131daki hususlar\u0131 siz \u00e7al\u0131\u015fanlar\u0131m\u0131z\u0131n bilgisine sunmaktay\u0131z.<\/p><p>Albayrak Demir \u00c7elik olarak, \u00e7evrimi\u00e7i mecralar\u0131m\u0131z\u0131 ziyaretleriniz s\u0131ras\u0131nda sizlerin deneyiminizi geli\u015ftirmek i\u00e7in \u00e7erezler, pikseller, gifler gibi baz\u0131 teknolojilerden (\u201c\u00e7erezler\u201d) faydalanmaktay\u0131z. Bu teknolojilerin kullan\u0131m\u0131 ba\u015fta 6698 say\u0131l\u0131 Ki\u015fisel Verilerin Korunmas\u0131 Kanunu (\u201cKVK Kanunu\u201d) olmak \u00fczere tabi oldu\u011fumuz mevzuata uygun \u015fekilde ger\u00e7ekle\u015ftirilmektedir.<\/p><p>Albayrak Galvanizli Tel Fabrikas\u0131 taraf\u0131ndan genel ve \u00f6zel nitelikli ki\u015fisel verileriniz (\u00f6rnek olarak; kimlik verileriniz, ileti\u015fim verileriniz, \u00f6zl\u00fck dosyas\u0131na ili\u015fkin bilgileriniz, askerlik durum bilgileriniz, sigorta bilgileriniz, medeni durum bilgileriniz, aile yak\u0131nlar\u0131n\u0131za ait bilgileriniz, e\u011fitim bilgileriniz, hakk\u0131n\u0131zdaki hukuki dava ve takip bilgileriniz, ceza mahkumiyeti ve g\u00fcvenlik tedbirleriyle ilgili verileriniz, sa\u011fl\u0131k verileriniz, k\u0131l\u0131k k\u0131yafet bilgileriniz, uyruk, din, biyometrik verileriniz, dernek vak\u0131f ya da sendika \u00fcyelik bilgileriniz ) Veri Sorumlusu taraf\u0131ndan i\u015flenmesine, depolanmas\u0131na ve aktar\u0131lmas\u0131na onay verdi\u011finiz taktirde; i\u015f akdinizin ifas\u0131, i\u015fe yatk\u0131nl\u0131\u011f\u0131n\u0131z, performans\u0131n\u0131z\u0131n de\u011ferlendirilmesi, terfi s\u00fcre\u00e7lerinin y\u00f6netilmesi, \u015firket \u00e7al\u0131\u015fan politika ve s\u00fcre\u00e7lerinin tasarlanarak uygulamaya konulmas\u0131, sizinle ileti\u015fime ge\u00e7ilebilmesi, e\u015f ve \u00e7ocuk kimlikleri ile evlilik c\u00fczdan\u0131n\u0131n al\u0131nmas\u0131 suretiyle asgari ge\u00e7im indirimi saptamas\u0131n\u0131n yap\u0131labilmesi, \u00fccret y\u00f6netimi, resmi kurum ve kurulu\u015flar taraf\u0131ndan yap\u0131lan e\u011fitim-toplant\u0131-yeterlilik gibi organizasyonlara kat\u0131l\u0131m\u0131n\u0131z\u0131n temini, i\u015fyeri doktoru taraf\u0131ndan sa\u011fl\u0131k hizmetlerinin sunulmas\u0131, i\u015f g\u00f6remezlik durumlar\u0131n\u0131z\u0131n tespiti, kan grubu verileri gibi sa\u011fl\u0131k verilerinin acil durumlarda m\u00fcdahale edilebilmesi i\u00e7in kartlar\u0131n\u0131za i\u015flenmesi veya \u00f6zl\u00fck dosyalar\u0131nda tutulmas\u0131, g\u00fcvenlik \u00f6nlemleri ve \u00e7al\u0131\u015fma saatlerinin takip ve belirlenmesi kapsam\u0131nda g\u00f6r\u00fcnt\u00fc kay\u0131tlar\u0131 ile biyometrik giri\u015f \u00e7\u0131k\u0131\u015f kay\u0131tlar\u0131n\u0131n tutulmas\u0131, yan hak ve menfaatlerin temini, \u015eirketimizin kanuni y\u00fck\u00fcml\u00fcl\u00fcklerinin yerine getirilmesi, hizmet sa\u011flay\u0131c\u0131lar\u0131m\u0131z arac\u0131l\u0131\u011f\u0131yla sigorta i\u015flemlerinin yap\u0131labilmesi, i\u015f akdi ile \u00e7al\u0131\u015fanlar\u0131n talep ve ba\u015fvurular\u0131n\u0131n y\u00fcr\u00fct\u00fclebilmesi, \u00e7al\u0131\u015fanlar\u0131n kat\u0131laca\u011f\u0131 e\u011fitim organizasyonlar\u0131n\u0131n d\u00fczenlenebilmesi, \u015firket organizasyonlar\u0131 veya hizmetleri kapsam\u0131nda g\u00f6rsel verilerinizin yay\u0131nlanmas\u0131, veri g\u00fcvenli\u011finin temini amac\u0131yla i\u015flenip depolanabilecek, Veri Sorumlusu b\u00fcnyesinde bulunan di\u011fer ba\u011fl\u0131 kurulu\u015flara ve departmanlara, Veri Sorumlusunun y\u00f6netim kurulu \u00fcyelerine ve hissedarlar\u0131na, i\u015fyeri hekimine, yurt i\u00e7i veya yurt d\u0131\u015f\u0131nda yerle\u015fik olan bilgi teknolojileri hizmet sa\u011flay\u0131c\u0131lar\u0131na, e\u011fitim veren kurulu\u015flara, resmi kurum ve kurulu\u015flara, seyahat hizmeti sunan \u015firketlere, acentelere, sigorta \u015firketlerine, bankalara, faydalan\u0131lan, i\u015fbirli\u011fi i\u00e7erisinde olunan veya s\u00f6zle\u015fme taraf\u0131 olan \u00fc\u00e7\u00fcnc\u00fc ki\u015filere aktar\u0131labilecektir.<\/p>\t\t\t\t\t\t<\/div>\n\t\t\t\t<\/div>\n\t\t\t\t\t<\/div>\n\t\t\t\t<\/div>\n\t\t\t\t<\/div>\n\t\t","protected":false},"excerpt":{"rendered":"<p>KVKK Ayd\u0131nlatma Metni 6698 say\u0131l\u0131 Ki\u015fisel Verilerin Korunmas\u0131 Kanunu uyar\u0131nca kimli\u011fi belirli veya belirlenebilir ger\u00e7ek ki\u015fiye ili\u015fkin her t\u00fcrl\u00fc bilgi ki\u015fisel veri olarak tan\u0131mlanmaktad\u0131r. Albayrak Galvanizli Tel Fabrikas\u0131, Veri Sorumlusu s\u0131fat\u0131 ile, siz \u00e7al\u0131\u015fanlar\u0131m\u0131zdan elde etti\u011fi ki\u015fisel verilere ili\u015fkin olarak Ki\u015fisel Verilerin Korunmas\u0131 mevzuat\u0131na uygun hareket edebilme amac\u0131yla ayd\u0131nlatma y\u00fck\u00fcml\u00fcl\u00fc\u011f\u00fcn\u00fc yerine getirmeyi ama\u00e7lamaktad\u0131r. Bu do\u011frultuda [&hellip;]<\/p>\n","protected":false},"author":1,"featured_media":0,"parent":0,"menu_order":0,"comment_status":"closed","ping_status":"closed","template":"","meta":{"_acf_changed":false,"_eb_attr":"","footnotes":""},"class_list":["post-1270","page","type-page","status-publish","hentry"],"acf":[],"yoast_head":"<!-- This site is optimized with the Yoast SEO plugin v23.5 - https:\/\/yoast.com\/wordpress\/plugins\/seo\/ -->\n<title>KVKK Ayd\u0131nlatma Metni - Albayrak Demir \u00c7elik<\/title>\n<meta name=\"description\" content=\"Albayrak Demir \u00c7elik, 55.400 m\u00b2 alanda \u00e7elik has\u0131r, in\u015faat \u00e7ivisi, tavl\u0131 tel, galvanizli tel ve panel \u00e7it \u00fcretimiyle y\u00fcksek kalite \u00e7\u00f6z\u00fcmler sunmaktad\u0131r.\" \/>\n<meta name=\"robots\" content=\"noindex, nofollow\" \/>\n<meta property=\"og:locale\" content=\"tr_TR\" \/>\n<meta property=\"og:type\" content=\"article\" \/>\n<meta property=\"og:title\" content=\"KVKK Ayd\u0131nlatma Metni - Albayrak Demir \u00c7elik\" \/>\n<meta property=\"og:description\" content=\"Albayrak Demir \u00c7elik, 55.400 m\u00b2 alanda \u00e7elik has\u0131r, in\u015faat \u00e7ivisi, tavl\u0131 tel, galvanizli tel ve panel \u00e7it \u00fcretimiyle y\u00fcksek kalite \u00e7\u00f6z\u00fcmler sunmaktad\u0131r.\" \/>\n<meta property=\"og:url\" content=\"https:\/\/project.multimedyaatolyesi.com\/albeon\/tr\/kvkk-html\/\" \/>\n<meta property=\"og:site_name\" content=\"Albayrak Demir \u00c7elik\" \/>\n<meta property=\"article:publisher\" content=\"https:\/\/www.facebook.com\/albayrakdemircelik\" \/>\n<meta property=\"article:modified_time\" content=\"2025-04-04T07:22:01+00:00\" \/>\n<meta property=\"og:image\" content=\"https:\/\/project.multimedyaatolyesi.com\/albeon\/wp-content\/uploads\/2024\/10\/Albayrak-Demir-Celik.webp\" \/>\n\t<meta property=\"og:image:width\" content=\"1200\" \/>\n\t<meta property=\"og:image:height\" content=\"675\" \/>\n\t<meta property=\"og:image:type\" content=\"image\/webp\" \/>\n<meta name=\"twitter:card\" content=\"summary_large_image\" \/>\n<meta name=\"twitter:site\" content=\"@albayrakDC\" \/>\n<meta name=\"twitter:label1\" content=\"Tahmini okuma s\u00fcresi\" \/>\n\t<meta name=\"twitter:data1\" content=\"3 dakika\" \/>\n<script type=\"application\/ld+json\" class=\"yoast-schema-graph\">{\"@context\":\"https:\/\/schema.org\",\"@graph\":[{\"@type\":\"WebPage\",\"@id\":\"https:\/\/project.multimedyaatolyesi.com\/albeon\/tr\/kvkk-html\/\",\"url\":\"https:\/\/project.multimedyaatolyesi.com\/albeon\/tr\/kvkk-html\/\",\"name\":\"KVKK Ayd\u0131nlatma Metni - Albayrak Demir \u00c7elik\",\"isPartOf\":{\"@id\":\"https:\/\/project.multimedyaatolyesi.com\/albeon\/#website\"},\"datePublished\":\"2025-04-04T07:17:53+00:00\",\"dateModified\":\"2025-04-04T07:22:01+00:00\",\"description\":\"Albayrak Demir \u00c7elik, 55.400 m\u00b2 alanda \u00e7elik has\u0131r, in\u015faat \u00e7ivisi, tavl\u0131 tel, galvanizli tel ve panel \u00e7it \u00fcretimiyle y\u00fcksek kalite \u00e7\u00f6z\u00fcmler sunmaktad\u0131r.\",\"breadcrumb\":{\"@id\":\"https:\/\/project.multimedyaatolyesi.com\/albeon\/tr\/kvkk-html\/#breadcrumb\"},\"inLanguage\":\"tr\",\"potentialAction\":[{\"@type\":\"ReadAction\",\"target\":[\"https:\/\/project.multimedyaatolyesi.com\/albeon\/tr\/kvkk-html\/\"]}]},{\"@type\":\"BreadcrumbList\",\"@id\":\"https:\/\/project.multimedyaatolyesi.com\/albeon\/tr\/kvkk-html\/#breadcrumb\",\"itemListElement\":[{\"@type\":\"ListItem\",\"position\":1,\"name\":\"Albayrak Demir \u00c7elik\",\"item\":\"https:\/\/project.multimedyaatolyesi.com\/albeon\/tr\/anasayfa\/\"},{\"@type\":\"ListItem\",\"position\":2,\"name\":\"KVKK Ayd\u0131nlatma Metni\"}]},{\"@type\":\"WebSite\",\"@id\":\"https:\/\/project.multimedyaatolyesi.com\/albeon\/#website\",\"url\":\"https:\/\/project.multimedyaatolyesi.com\/albeon\/\",\"name\":\"Albayrak Demir \u00c7elik\",\"description\":\"Albayrak Demir \u00c7elik\",\"publisher\":{\"@id\":\"https:\/\/project.multimedyaatolyesi.com\/albeon\/#organization\"},\"alternateName\":\"Albayrak Demir \u00c7elik\",\"potentialAction\":[{\"@type\":\"SearchAction\",\"target\":{\"@type\":\"EntryPoint\",\"urlTemplate\":\"https:\/\/project.multimedyaatolyesi.com\/albeon\/?s={search_term_string}\"},\"query-input\":{\"@type\":\"PropertyValueSpecification\",\"valueRequired\":true,\"valueName\":\"search_term_string\"}}],\"inLanguage\":\"tr\"},{\"@type\":\"Organization\",\"@id\":\"https:\/\/project.multimedyaatolyesi.com\/albeon\/#organization\",\"name\":\"Albayrak Demir \u00c7elik\",\"alternateName\":\"Albayrak Demir \u00c7elik\",\"url\":\"https:\/\/project.multimedyaatolyesi.com\/albeon\/\",\"logo\":{\"@type\":\"ImageObject\",\"inLanguage\":\"tr\",\"@id\":\"https:\/\/project.multimedyaatolyesi.com\/albeon\/#\/schema\/logo\/image\/\",\"url\":\"https:\/\/project.multimedyaatolyesi.com\/albeon\/wp-content\/uploads\/2024\/10\/albean-sat1s-transformed-1.png\",\"contentUrl\":\"https:\/\/project.multimedyaatolyesi.com\/albeon\/wp-content\/uploads\/2024\/10\/albean-sat1s-transformed-1.png\",\"width\":1240,\"height\":935,\"caption\":\"Albayrak Demir \u00c7elik\"},\"image\":{\"@id\":\"https:\/\/project.multimedyaatolyesi.com\/albeon\/#\/schema\/logo\/image\/\"},\"sameAs\":[\"https:\/\/www.facebook.com\/albayrakdemircelik\",\"https:\/\/x.com\/albayrakDC\",\"https:\/\/www.youtube.com\/@albayrakdemircelik\",\"https:\/\/www.instagram.com\/albayrakdemircelik\/\",\"https:\/\/www.linkedin.com\/company\/albayrak-demir-\u00e7elik\/?viewAsMember=true\"]}]}<\/script>\n<!-- \/ Yoast SEO plugin. -->","yoast_head_json":{"title":"KVKK Ayd\u0131nlatma Metni - Albayrak Demir \u00c7elik","description":"Albayrak Demir \u00c7elik, 55.400 m\u00b2 alanda \u00e7elik has\u0131r, in\u015faat \u00e7ivisi, tavl\u0131 tel, galvanizli tel ve panel \u00e7it \u00fcretimiyle y\u00fcksek kalite \u00e7\u00f6z\u00fcmler sunmaktad\u0131r.","robots":{"index":"noindex","follow":"nofollow"},"og_locale":"tr_TR","og_type":"article","og_title":"KVKK Ayd\u0131nlatma Metni - Albayrak Demir \u00c7elik","og_description":"Albayrak Demir \u00c7elik, 55.400 m\u00b2 alanda \u00e7elik has\u0131r, in\u015faat \u00e7ivisi, tavl\u0131 tel, galvanizli tel ve panel \u00e7it \u00fcretimiyle y\u00fcksek kalite \u00e7\u00f6z\u00fcmler sunmaktad\u0131r.","og_url":"https:\/\/project.multimedyaatolyesi.com\/albeon\/tr\/kvkk-html\/","og_site_name":"Albayrak Demir \u00c7elik","article_publisher":"https:\/\/www.facebook.com\/albayrakdemircelik","article_modified_time":"2025-04-04T07:22:01+00:00","og_image":[{"width":1200,"height":675,"url":"https:\/\/project.multimedyaatolyesi.com\/albeon\/wp-content\/uploads\/2024\/10\/Albayrak-Demir-Celik.webp","type":"image\/webp"}],"twitter_card":"summary_large_image","twitter_site":"@albayrakDC","twitter_misc":{"Tahmini okuma s\u00fcresi":"3 dakika"},"schema":{"@context":"https:\/\/schema.org","@graph":[{"@type":"WebPage","@id":"https:\/\/project.multimedyaatolyesi.com\/albeon\/tr\/kvkk-html\/","url":"https:\/\/project.multimedyaatolyesi.com\/albeon\/tr\/kvkk-html\/","name":"KVKK Ayd\u0131nlatma Metni - Albayrak Demir \u00c7elik","isPartOf":{"@id":"https:\/\/project.multimedyaatolyesi.com\/albeon\/#website"},"datePublished":"2025-04-04T07:17:53+00:00","dateModified":"2025-04-04T07:22:01+00:00","description":"Albayrak Demir \u00c7elik, 55.400 m\u00b2 alanda \u00e7elik has\u0131r, in\u015faat \u00e7ivisi, tavl\u0131 tel, galvanizli tel ve panel \u00e7it \u00fcretimiyle y\u00fcksek kalite \u00e7\u00f6z\u00fcmler sunmaktad\u0131r.","breadcrumb":{"@id":"https:\/\/project.multimedyaatolyesi.com\/albeon\/tr\/kvkk-html\/#breadcrumb"},"inLanguage":"tr","potentialAction":[{"@type":"ReadAction","target":["https:\/\/project.multimedyaatolyesi.com\/albeon\/tr\/kvkk-html\/"]}]},{"@type":"BreadcrumbList","@id":"https:\/\/project.multimedyaatolyesi.com\/albeon\/tr\/kvkk-html\/#breadcrumb","itemListElement":[{"@type":"ListItem","position":1,"name":"Albayrak Demir \u00c7elik","item":"https:\/\/project.multimedyaatolyesi.com\/albeon\/tr\/anasayfa\/"},{"@type":"ListItem","position":2,"name":"KVKK Ayd\u0131nlatma Metni"}]},{"@type":"WebSite","@id":"https:\/\/project.multimedyaatolyesi.com\/albeon\/#website","url":"https:\/\/project.multimedyaatolyesi.com\/albeon\/","name":"Albayrak Demir \u00c7elik","description":"Albayrak Demir \u00c7elik","publisher":{"@id":"https:\/\/project.multimedyaatolyesi.com\/albeon\/#organization"},"alternateName":"Albayrak Demir \u00c7elik","potentialAction":[{"@type":"SearchAction","target":{"@type":"EntryPoint","urlTemplate":"https:\/\/project.multimedyaatolyesi.com\/albeon\/?s={search_term_string}"},"query-input":{"@type":"PropertyValueSpecification","valueRequired":true,"valueName":"search_term_string"}}],"inLanguage":"tr"},{"@type":"Organization","@id":"https:\/\/project.multimedyaatolyesi.com\/albeon\/#organization","name":"Albayrak Demir \u00c7elik","alternateName":"Albayrak Demir \u00c7elik","url":"https:\/\/project.multimedyaatolyesi.com\/albeon\/","logo":{"@type":"ImageObject","inLanguage":"tr","@id":"https:\/\/project.multimedyaatolyesi.com\/albeon\/#\/schema\/logo\/image\/","url":"https:\/\/project.multimedyaatolyesi.com\/albeon\/wp-content\/uploads\/2024\/10\/albean-sat1s-transformed-1.png","contentUrl":"https:\/\/project.multimedyaatolyesi.com\/albeon\/wp-content\/uploads\/2024\/10\/albean-sat1s-transformed-1.png","width":1240,"height":935,"caption":"Albayrak Demir \u00c7elik"},"image":{"@id":"https:\/\/project.multimedyaatolyesi.com\/albeon\/#\/schema\/logo\/image\/"},"sameAs":["https:\/\/www.facebook.com\/albayrakdemircelik","https:\/\/x.com\/albayrakDC","https:\/\/www.youtube.com\/@albayrakdemircelik","https:\/\/www.instagram.com\/albayrakdemircelik\/","https:\/\/www.linkedin.com\/company\/albayrak-demir-\u00e7elik\/?viewAsMember=true"]}]}},"_links":{"self":[{"href":"https:\/\/project.multimedyaatolyesi.com\/albeon\/wp-json\/wp\/v2\/pages\/1270","targetHints":{"allow":["GET"]}}],"collection":[{"href":"https:\/\/project.multimedyaatolyesi.com\/albeon\/wp-json\/wp\/v2\/pages"}],"about":[{"href":"https:\/\/project.multimedyaatolyesi.com\/albeon\/wp-json\/wp\/v2\/types\/page"}],"author":[{"embeddable":true,"href":"https:\/\/project.multimedyaatolyesi.com\/albeon\/wp-json\/wp\/v2\/users\/1"}],"replies":[{"embeddable":true,"href":"https:\/\/project.multimedyaatolyesi.com\/albeon\/wp-json\/wp\/v2\/comments?post=1270"}],"version-history":[{"count":5,"href":"https:\/\/project.multimedyaatolyesi.com\/albeon\/wp-json\/wp\/v2\/pages\/1270\/revisions"}],"predecessor-version":[{"id":1276,"href":"https:\/\/project.multimedyaatolyesi.com\/albeon\/wp-json\/wp\/v2\/pages\/1270\/revisions\/1276"}],"wp:attachment":[{"href":"https:\/\/project.multimedyaatolyesi.com\/albeon\/wp-json\/wp\/v2\/media?parent=1270"}],"curies":[{"name":"wp","href":"https:\/\/api.w.org\/{rel}","templated":true}]}}