{"id":31,"date":"2024-10-01T07:25:05","date_gmt":"2024-10-01T07:25:05","guid":{"rendered":"https:\/\/project.multimedyaatolyesi.com\/albeon\/?page_id=31"},"modified":"2024-10-07T11:47:25","modified_gmt":"2024-10-07T11:47:25","slug":"gizlilik-politikasi","status":"publish","type":"page","link":"https:\/\/project.multimedyaatolyesi.com\/albeon\/tr\/gizlilik-politikasi\/","title":{"rendered":"Gizlilik Politikas\u0131"},"content":{"rendered":"\t\t<div data-elementor-type=\"wp-page\" data-elementor-id=\"31\" class=\"elementor elementor-31\" data-elementor-post-type=\"page\">\n\t\t\t\t<div class=\"elementor-element elementor-element-7a4e116 e-flex e-con-boxed e-con e-parent\" data-id=\"7a4e116\" data-element_type=\"container\" data-settings=\"{&quot;background_background&quot;:&quot;classic&quot;}\">\n\t\t\t\t\t<div class=\"e-con-inner\">\n\t\t\t\t<div class=\"elementor-element elementor-element-4a4b239 elementor-invisible elementor-widget elementor-widget-heading\" data-id=\"4a4b239\" data-element_type=\"widget\" data-settings=\"{&quot;_animation&quot;:&quot;zoomIn&quot;}\" data-widget_type=\"heading.default\">\n\t\t\t\t<div class=\"elementor-widget-container\">\n\t\t\t<h1 class=\"elementor-heading-title elementor-size-default\">G\u0130ZL\u0130L\u0130K POL\u0130T\u0130KASI<\/h1>\t\t<\/div>\n\t\t\t\t<\/div>\n\t\t\t\t<div class=\"elementor-element elementor-element-f010fef elementor-align-center elementor-widget elementor-widget-breadcrumbs\" data-id=\"f010fef\" data-element_type=\"widget\" data-widget_type=\"breadcrumbs.default\">\n\t\t\t\t<div class=\"elementor-widget-container\">\n\t\t\t<p id=\"breadcrumbs\"><span><span><a href=\"https:\/\/project.multimedyaatolyesi.com\/albeon\/tr\/anasayfa\/\">Albayrak Demir \u00c7elik<\/a><\/span><\/span><\/p>\t\t<\/div>\n\t\t\t\t<\/div>\n\t\t\t\t\t<\/div>\n\t\t\t\t<\/div>\n\t\t<div class=\"elementor-element elementor-element-2c20b3d e-flex e-con-boxed e-con e-parent\" data-id=\"2c20b3d\" data-element_type=\"container\">\n\t\t\t\t\t<div class=\"e-con-inner\">\n\t\t\t\t<div class=\"elementor-element elementor-element-b0919f3 elementor-invisible elementor-widget elementor-widget-text-editor\" data-id=\"b0919f3\" data-element_type=\"widget\" data-settings=\"{&quot;_animation&quot;:&quot;fadeIn&quot;,&quot;_animation_delay&quot;:100}\" data-widget_type=\"text-editor.default\">\n\t\t\t\t<div class=\"elementor-widget-container\">\n\t\t\t\t\t\t\t<p>\u00dcyelik veya Ma\u011fazam\u0131z \u00fczerindeki \u00e7e\u015fitli form ve anketlerin doldurulmas\u0131 suretiyle \u00fcyelerin kendileriyle ilgili bir tak\u0131m ki\u015fisel bilgileri (isim-soy isim, firma bilgileri, telefon, adres veya e-posta adresleri gibi) Ma\u011fazam\u0131z taraf\u0131ndan i\u015fin do\u011fas\u0131 gere\u011fi toplanmaktad\u0131r.<\/p><p>istemle ilgili sorunlar\u0131n tan\u0131mlanmas\u0131 ve verilen hizmet ile ilgili \u00e7\u0131kabilecek sorunlar\u0131n veya uyu\u015fmazl\u0131klar\u0131n h\u0131zla \u00e7\u00f6z\u00fclmesi i\u00e7in, Firmam\u0131z, \u00fcyelerinin IP adresini kaydetmekte ve bunu kullanmaktad\u0131r. IP adresleri, kullan\u0131c\u0131lar\u0131 genel bir \u015fekilde tan\u0131mlamak ve kapsaml\u0131 demografik bilgi toplamak amac\u0131yla da kullan\u0131labilir.<\/p><p>Firmam\u0131z, gizli bilgileri kesinlikle \u00f6zel ve gizli tutmay\u0131, bunu bir s\u0131r saklama y\u00fck\u00fcm\u00fc olarak addetmeyi ve gizlili\u011fin sa\u011flanmas\u0131 ve s\u00fcrd\u00fcr\u00fclmesi, gizli bilginin tamam\u0131n\u0131n veya herhangi bir k\u0131sm\u0131n\u0131n kamu alan\u0131na girmesini veya yetkisiz kullan\u0131m\u0131n\u0131 veya \u00fc\u00e7\u00fcnc\u00fc bir ki\u015fiye if\u015fas\u0131n\u0131 \u00f6nlemek i\u00e7in gerekli t\u00fcm tedbirleri almay\u0131 ve gerekli \u00f6zeni g\u00f6stermeyi taahh\u00fct etmektedir.<\/p>\t\t\t\t\t\t<\/div>\n\t\t\t\t<\/div>\n\t\t\t\t\t<\/div>\n\t\t\t\t<\/div>\n\t\t\t\t<\/div>\n\t\t","protected":false},"excerpt":{"rendered":"<p>G\u0130ZL\u0130L\u0130K POL\u0130T\u0130KASI \u00dcyelik veya Ma\u011fazam\u0131z \u00fczerindeki \u00e7e\u015fitli form ve anketlerin doldurulmas\u0131 suretiyle \u00fcyelerin kendileriyle ilgili bir tak\u0131m ki\u015fisel bilgileri (isim-soy isim, firma bilgileri, telefon, adres veya e-posta adresleri gibi) Ma\u011fazam\u0131z taraf\u0131ndan i\u015fin do\u011fas\u0131 gere\u011fi toplanmaktad\u0131r. istemle ilgili sorunlar\u0131n tan\u0131mlanmas\u0131 ve verilen hizmet ile ilgili \u00e7\u0131kabilecek sorunlar\u0131n veya uyu\u015fmazl\u0131klar\u0131n h\u0131zla \u00e7\u00f6z\u00fclmesi i\u00e7in, Firmam\u0131z, \u00fcyelerinin IP adresini [&hellip;]<\/p>\n","protected":false},"author":1,"featured_media":0,"parent":0,"menu_order":0,"comment_status":"closed","ping_status":"closed","template":"","meta":{"_acf_changed":false,"_eb_attr":"","footnotes":""},"class_list":["post-31","page","type-page","status-publish","hentry"],"acf":[],"yoast_head":"<!-- This site is optimized with the Yoast SEO plugin v23.5 - https:\/\/yoast.com\/wordpress\/plugins\/seo\/ -->\n<title>Gizlilik Politikas\u0131 - Albayrak Demir \u00c7elik<\/title>\n<meta name=\"description\" content=\"Albayrak Demir \u00c7elik, 55.400 m\u00b2 alanda \u00e7elik has\u0131r, in\u015faat \u00e7ivisi, tavl\u0131 tel, galvanizli tel ve panel \u00e7it \u00fcretimiyle y\u00fcksek kalite \u00e7\u00f6z\u00fcmler sunmaktad\u0131r.\" \/>\n<meta name=\"robots\" content=\"noindex, follow\" \/>\n<meta property=\"og:locale\" content=\"tr_TR\" \/>\n<meta property=\"og:type\" content=\"article\" \/>\n<meta property=\"og:title\" content=\"Gizlilik Politikas\u0131 - Albayrak Demir \u00c7elik\" \/>\n<meta property=\"og:description\" content=\"Albayrak Demir \u00c7elik, 55.400 m\u00b2 alanda \u00e7elik has\u0131r, in\u015faat \u00e7ivisi, tavl\u0131 tel, galvanizli tel ve panel \u00e7it \u00fcretimiyle y\u00fcksek kalite \u00e7\u00f6z\u00fcmler sunmaktad\u0131r.\" \/>\n<meta property=\"og:url\" content=\"https:\/\/project.multimedyaatolyesi.com\/albeon\/tr\/gizlilik-politikasi\/\" \/>\n<meta property=\"og:site_name\" content=\"Albayrak Demir \u00c7elik\" \/>\n<meta property=\"article:publisher\" content=\"https:\/\/www.facebook.com\/albayrakdemircelik\" \/>\n<meta property=\"article:modified_time\" content=\"2024-10-07T11:47:25+00:00\" \/>\n<meta property=\"og:image\" content=\"https:\/\/project.multimedyaatolyesi.com\/albeon\/wp-content\/uploads\/2024\/10\/Albayrak-Demir-Celik.webp\" \/>\n\t<meta property=\"og:image:width\" content=\"1200\" \/>\n\t<meta property=\"og:image:height\" content=\"675\" \/>\n\t<meta property=\"og:image:type\" content=\"image\/webp\" \/>\n<meta name=\"twitter:card\" content=\"summary_large_image\" \/>\n<meta name=\"twitter:site\" content=\"@albayrakDC\" \/>\n<script type=\"application\/ld+json\" class=\"yoast-schema-graph\">{\"@context\":\"https:\/\/schema.org\",\"@graph\":[{\"@type\":\"WebPage\",\"@id\":\"https:\/\/project.multimedyaatolyesi.com\/albeon\/tr\/gizlilik-politikasi\/\",\"url\":\"https:\/\/project.multimedyaatolyesi.com\/albeon\/tr\/gizlilik-politikasi\/\",\"name\":\"Gizlilik Politikas\u0131 - Albayrak Demir \u00c7elik\",\"isPartOf\":{\"@id\":\"https:\/\/project.multimedyaatolyesi.com\/albeon\/#website\"},\"datePublished\":\"2024-10-01T07:25:05+00:00\",\"dateModified\":\"2024-10-07T11:47:25+00:00\",\"description\":\"Albayrak Demir \u00c7elik, 55.400 m\u00b2 alanda \u00e7elik has\u0131r, in\u015faat \u00e7ivisi, tavl\u0131 tel, galvanizli tel ve panel \u00e7it \u00fcretimiyle y\u00fcksek kalite \u00e7\u00f6z\u00fcmler sunmaktad\u0131r.\",\"breadcrumb\":{\"@id\":\"https:\/\/project.multimedyaatolyesi.com\/albeon\/tr\/gizlilik-politikasi\/#breadcrumb\"},\"inLanguage\":\"tr\",\"potentialAction\":[{\"@type\":\"ReadAction\",\"target\":[\"https:\/\/project.multimedyaatolyesi.com\/albeon\/tr\/gizlilik-politikasi\/\"]}]},{\"@type\":\"BreadcrumbList\",\"@id\":\"https:\/\/project.multimedyaatolyesi.com\/albeon\/tr\/gizlilik-politikasi\/#breadcrumb\",\"itemListElement\":[{\"@type\":\"ListItem\",\"position\":1,\"name\":\"Albayrak Demir \u00c7elik\",\"item\":\"https:\/\/project.multimedyaatolyesi.com\/albeon\/tr\/anasayfa\/\"},{\"@type\":\"ListItem\",\"position\":2,\"name\":\"Gizlilik Politikas\u0131\"}]},{\"@type\":\"WebSite\",\"@id\":\"https:\/\/project.multimedyaatolyesi.com\/albeon\/#website\",\"url\":\"https:\/\/project.multimedyaatolyesi.com\/albeon\/\",\"name\":\"Albayrak Demir \u00c7elik\",\"description\":\"Albayrak Demir \u00c7elik\",\"publisher\":{\"@id\":\"https:\/\/project.multimedyaatolyesi.com\/albeon\/#organization\"},\"alternateName\":\"Albayrak Demir \u00c7elik\",\"potentialAction\":[{\"@type\":\"SearchAction\",\"target\":{\"@type\":\"EntryPoint\",\"urlTemplate\":\"https:\/\/project.multimedyaatolyesi.com\/albeon\/?s={search_term_string}\"},\"query-input\":{\"@type\":\"PropertyValueSpecification\",\"valueRequired\":true,\"valueName\":\"search_term_string\"}}],\"inLanguage\":\"tr\"},{\"@type\":\"Organization\",\"@id\":\"https:\/\/project.multimedyaatolyesi.com\/albeon\/#organization\",\"name\":\"Albayrak Demir \u00c7elik\",\"alternateName\":\"Albayrak Demir \u00c7elik\",\"url\":\"https:\/\/project.multimedyaatolyesi.com\/albeon\/\",\"logo\":{\"@type\":\"ImageObject\",\"inLanguage\":\"tr\",\"@id\":\"https:\/\/project.multimedyaatolyesi.com\/albeon\/#\/schema\/logo\/image\/\",\"url\":\"https:\/\/project.multimedyaatolyesi.com\/albeon\/wp-content\/uploads\/2024\/10\/albean-sat1s-transformed-1.png\",\"contentUrl\":\"https:\/\/project.multimedyaatolyesi.com\/albeon\/wp-content\/uploads\/2024\/10\/albean-sat1s-transformed-1.png\",\"width\":1240,\"height\":935,\"caption\":\"Albayrak Demir \u00c7elik\"},\"image\":{\"@id\":\"https:\/\/project.multimedyaatolyesi.com\/albeon\/#\/schema\/logo\/image\/\"},\"sameAs\":[\"https:\/\/www.facebook.com\/albayrakdemircelik\",\"https:\/\/x.com\/albayrakDC\",\"https:\/\/www.youtube.com\/@albayrakdemircelik\",\"https:\/\/www.instagram.com\/albayrakdemircelik\/\",\"https:\/\/www.linkedin.com\/company\/albayrak-demir-\u00e7elik\/?viewAsMember=true\"]}]}<\/script>\n<!-- \/ Yoast SEO plugin. -->","yoast_head_json":{"title":"Gizlilik Politikas\u0131 - Albayrak Demir \u00c7elik","description":"Albayrak Demir \u00c7elik, 55.400 m\u00b2 alanda \u00e7elik has\u0131r, in\u015faat \u00e7ivisi, tavl\u0131 tel, galvanizli tel ve panel \u00e7it \u00fcretimiyle y\u00fcksek kalite \u00e7\u00f6z\u00fcmler sunmaktad\u0131r.","robots":{"index":"noindex","follow":"follow"},"og_locale":"tr_TR","og_type":"article","og_title":"Gizlilik Politikas\u0131 - Albayrak Demir \u00c7elik","og_description":"Albayrak Demir \u00c7elik, 55.400 m\u00b2 alanda \u00e7elik has\u0131r, in\u015faat \u00e7ivisi, tavl\u0131 tel, galvanizli tel ve panel \u00e7it \u00fcretimiyle y\u00fcksek kalite \u00e7\u00f6z\u00fcmler sunmaktad\u0131r.","og_url":"https:\/\/project.multimedyaatolyesi.com\/albeon\/tr\/gizlilik-politikasi\/","og_site_name":"Albayrak Demir \u00c7elik","article_publisher":"https:\/\/www.facebook.com\/albayrakdemircelik","article_modified_time":"2024-10-07T11:47:25+00:00","og_image":[{"width":1200,"height":675,"url":"https:\/\/project.multimedyaatolyesi.com\/albeon\/wp-content\/uploads\/2024\/10\/Albayrak-Demir-Celik.webp","type":"image\/webp"}],"twitter_card":"summary_large_image","twitter_site":"@albayrakDC","schema":{"@context":"https:\/\/schema.org","@graph":[{"@type":"WebPage","@id":"https:\/\/project.multimedyaatolyesi.com\/albeon\/tr\/gizlilik-politikasi\/","url":"https:\/\/project.multimedyaatolyesi.com\/albeon\/tr\/gizlilik-politikasi\/","name":"Gizlilik Politikas\u0131 - Albayrak Demir \u00c7elik","isPartOf":{"@id":"https:\/\/project.multimedyaatolyesi.com\/albeon\/#website"},"datePublished":"2024-10-01T07:25:05+00:00","dateModified":"2024-10-07T11:47:25+00:00","description":"Albayrak Demir \u00c7elik, 55.400 m\u00b2 alanda \u00e7elik has\u0131r, in\u015faat \u00e7ivisi, tavl\u0131 tel, galvanizli tel ve panel \u00e7it \u00fcretimiyle y\u00fcksek kalite \u00e7\u00f6z\u00fcmler sunmaktad\u0131r.","breadcrumb":{"@id":"https:\/\/project.multimedyaatolyesi.com\/albeon\/tr\/gizlilik-politikasi\/#breadcrumb"},"inLanguage":"tr","potentialAction":[{"@type":"ReadAction","target":["https:\/\/project.multimedyaatolyesi.com\/albeon\/tr\/gizlilik-politikasi\/"]}]},{"@type":"BreadcrumbList","@id":"https:\/\/project.multimedyaatolyesi.com\/albeon\/tr\/gizlilik-politikasi\/#breadcrumb","itemListElement":[{"@type":"ListItem","position":1,"name":"Albayrak Demir \u00c7elik","item":"https:\/\/project.multimedyaatolyesi.com\/albeon\/tr\/anasayfa\/"},{"@type":"ListItem","position":2,"name":"Gizlilik Politikas\u0131"}]},{"@type":"WebSite","@id":"https:\/\/project.multimedyaatolyesi.com\/albeon\/#website","url":"https:\/\/project.multimedyaatolyesi.com\/albeon\/","name":"Albayrak Demir \u00c7elik","description":"Albayrak Demir \u00c7elik","publisher":{"@id":"https:\/\/project.multimedyaatolyesi.com\/albeon\/#organization"},"alternateName":"Albayrak Demir \u00c7elik","potentialAction":[{"@type":"SearchAction","target":{"@type":"EntryPoint","urlTemplate":"https:\/\/project.multimedyaatolyesi.com\/albeon\/?s={search_term_string}"},"query-input":{"@type":"PropertyValueSpecification","valueRequired":true,"valueName":"search_term_string"}}],"inLanguage":"tr"},{"@type":"Organization","@id":"https:\/\/project.multimedyaatolyesi.com\/albeon\/#organization","name":"Albayrak Demir \u00c7elik","alternateName":"Albayrak Demir \u00c7elik","url":"https:\/\/project.multimedyaatolyesi.com\/albeon\/","logo":{"@type":"ImageObject","inLanguage":"tr","@id":"https:\/\/project.multimedyaatolyesi.com\/albeon\/#\/schema\/logo\/image\/","url":"https:\/\/project.multimedyaatolyesi.com\/albeon\/wp-content\/uploads\/2024\/10\/albean-sat1s-transformed-1.png","contentUrl":"https:\/\/project.multimedyaatolyesi.com\/albeon\/wp-content\/uploads\/2024\/10\/albean-sat1s-transformed-1.png","width":1240,"height":935,"caption":"Albayrak Demir \u00c7elik"},"image":{"@id":"https:\/\/project.multimedyaatolyesi.com\/albeon\/#\/schema\/logo\/image\/"},"sameAs":["https:\/\/www.facebook.com\/albayrakdemircelik","https:\/\/x.com\/albayrakDC","https:\/\/www.youtube.com\/@albayrakdemircelik","https:\/\/www.instagram.com\/albayrakdemircelik\/","https:\/\/www.linkedin.com\/company\/albayrak-demir-\u00e7elik\/?viewAsMember=true"]}]}},"_links":{"self":[{"href":"https:\/\/project.multimedyaatolyesi.com\/albeon\/wp-json\/wp\/v2\/pages\/31","targetHints":{"allow":["GET"]}}],"collection":[{"href":"https:\/\/project.multimedyaatolyesi.com\/albeon\/wp-json\/wp\/v2\/pages"}],"about":[{"href":"https:\/\/project.multimedyaatolyesi.com\/albeon\/wp-json\/wp\/v2\/types\/page"}],"author":[{"embeddable":true,"href":"https:\/\/project.multimedyaatolyesi.com\/albeon\/wp-json\/wp\/v2\/users\/1"}],"replies":[{"embeddable":true,"href":"https:\/\/project.multimedyaatolyesi.com\/albeon\/wp-json\/wp\/v2\/comments?post=31"}],"version-history":[{"count":4,"href":"https:\/\/project.multimedyaatolyesi.com\/albeon\/wp-json\/wp\/v2\/pages\/31\/revisions"}],"predecessor-version":[{"id":273,"href":"https:\/\/project.multimedyaatolyesi.com\/albeon\/wp-json\/wp\/v2\/pages\/31\/revisions\/273"}],"wp:attachment":[{"href":"https:\/\/project.multimedyaatolyesi.com\/albeon\/wp-json\/wp\/v2\/media?parent=31"}],"curies":[{"name":"wp","href":"https:\/\/api.w.org\/{rel}","templated":true}]}}