{"id":730,"date":"2024-10-08T07:53:57","date_gmt":"2024-10-08T07:53:57","guid":{"rendered":"https:\/\/project.multimedyaatolyesi.com\/albeon\/?post_type=product&#038;p=730"},"modified":"2024-10-14T10:15:49","modified_gmt":"2024-10-14T10:15:49","slug":"insaat-civisi","status":"publish","type":"product","link":"https:\/\/project.multimedyaatolyesi.com\/albeon\/tr\/product\/insaat-civisi\/","title":{"rendered":"\u0130n\u015faat \u00c7ivisi"},"content":{"rendered":"\t\t<div data-elementor-type=\"wp-post\" data-elementor-id=\"730\" class=\"elementor elementor-730\" data-elementor-post-type=\"product\">\n\t\t\t\t<div class=\"elementor-element elementor-element-6dd6ce8 e-flex e-con-boxed e-con e-parent\" data-id=\"6dd6ce8\" data-element_type=\"container\">\n\t\t\t\t\t<div class=\"e-con-inner\">\n\t\t\t\t<div class=\"elementor-element elementor-element-8cf1e2e elementor-widget elementor-widget-text-editor\" data-id=\"8cf1e2e\" data-element_type=\"widget\" data-widget_type=\"text-editor.default\">\n\t\t\t\t<div class=\"elementor-widget-container\">\n\t\t\t\t\t\t\t<p>D\u00f6kme \u00e7iviler, genellikle in\u015faat sekt\u00f6r\u00fcnde, ah\u015fap \u00fcr\u00fcnlerin birbirine ba\u011flanmas\u0131 veya sabitlenmesi amac\u0131yla kullan\u0131l\u0131rlar. D\u00fc\u015f\u00fck karbonlu \u00e7elikten \u00fcretilirler. 6, 8 ve 10\u2019luk olmak \u00fczere \u00fc\u00e7 \u00e7e\u015fit olarak \u00fcretimi yap\u0131lmaktad\u0131r, 25 kg\u2019l\u0131k kutularda paketlenmektedir.<\/p>\t\t\t\t\t\t<\/div>\n\t\t\t\t<\/div>\n\t\t\t\t<div class=\"elementor-element elementor-element-94359c3 elementor--h-position-center elementor--v-position-middle elementor-arrows-position-inside elementor-widget elementor-widget-slides\" data-id=\"94359c3\" data-element_type=\"widget\" data-settings=\"{&quot;navigation&quot;:&quot;arrows&quot;,&quot;autoplay&quot;:&quot;yes&quot;,&quot;pause_on_hover&quot;:&quot;yes&quot;,&quot;pause_on_interaction&quot;:&quot;yes&quot;,&quot;autoplay_speed&quot;:5000,&quot;infinite&quot;:&quot;yes&quot;,&quot;transition&quot;:&quot;slide&quot;,&quot;transition_speed&quot;:500}\" data-widget_type=\"slides.default\">\n\t\t\t\t<div class=\"elementor-widget-container\">\n\t\t\t\t\t<div class=\"elementor-swiper\">\n\t\t\t<div class=\"elementor-slides-wrapper elementor-main-swiper swiper\" dir=\"ltr\" data-animation=\"fadeInUp\">\n\t\t\t\t<div class=\"swiper-wrapper elementor-slides\">\n\t\t\t\t\t\t\t\t\t\t<div class=\"elementor-repeater-item-b5e05d1 swiper-slide\"><div class=\"swiper-slide-bg\" role=\"img\"><\/div><div class=\"swiper-slide-inner\" ><div class=\"swiper-slide-contents\"><\/div><\/div><\/div><div class=\"elementor-repeater-item-72f6afc swiper-slide\"><div class=\"swiper-slide-bg\" role=\"img\"><\/div><div class=\"swiper-slide-inner\" ><div class=\"swiper-slide-contents\"><\/div><\/div><\/div><div class=\"elementor-repeater-item-3d0379a swiper-slide\"><div class=\"swiper-slide-bg\" role=\"img\"><\/div><div class=\"swiper-slide-inner\" ><div class=\"swiper-slide-contents\"><\/div><\/div><\/div>\t\t\t\t<\/div>\n\t\t\t\t\t\t\t\t\t\t\t\t\t\t\t\t\t\t\t\t<div class=\"elementor-swiper-button elementor-swiper-button-prev\" role=\"button\" tabindex=\"0\">\n\t\t\t\t\t\t\t<svg aria-hidden=\"true\" class=\"e-font-icon-svg e-eicon-chevron-left\" viewBox=\"0 0 1000 1000\" xmlns=\"http:\/\/www.w3.org\/2000\/svg\"><path d=\"M646 125C629 125 613 133 604 142L308 442C296 454 292 471 292 487 292 504 296 521 308 533L604 854C617 867 629 875 646 875 663 875 679 871 692 858 704 846 713 829 713 812 713 796 708 779 692 767L438 487 692 225C700 217 708 204 708 187 708 171 704 154 692 142 675 129 663 125 646 125Z\"><\/path><\/svg>\t\t\t\t\t\t\t<span class=\"elementor-screen-only\">Previous slide<\/span>\n\t\t\t\t\t\t<\/div>\n\t\t\t\t\t\t<div class=\"elementor-swiper-button elementor-swiper-button-next\" role=\"button\" tabindex=\"0\">\n\t\t\t\t\t\t\t<svg aria-hidden=\"true\" class=\"e-font-icon-svg e-eicon-chevron-right\" viewBox=\"0 0 1000 1000\" xmlns=\"http:\/\/www.w3.org\/2000\/svg\"><path d=\"M696 533C708 521 713 504 713 487 713 471 708 454 696 446L400 146C388 133 375 125 354 125 338 125 325 129 313 142 300 154 292 171 292 187 292 204 296 221 308 233L563 492 304 771C292 783 288 800 288 817 288 833 296 850 308 863 321 871 338 875 354 875 371 875 388 867 400 854L696 533Z\"><\/path><\/svg>\t\t\t\t\t\t\t<span class=\"elementor-screen-only\">Next slide<\/span>\n\t\t\t\t\t\t<\/div>\n\t\t\t\t\t\t\t\t\t\t\t\t<\/div>\n\t\t<\/div>\n\t\t\t\t<\/div>\n\t\t\t\t<\/div>\n\t\t\t\t<div class=\"elementor-element elementor-element-7f6070c elementor-widget elementor-widget-text-editor\" data-id=\"7f6070c\" data-element_type=\"widget\" data-widget_type=\"text-editor.default\">\n\t\t\t\t<div class=\"elementor-widget-container\">\n\t\t\t\t\t\t\t<h2>Genel \u00d6zellikler<\/h2>\n<table>\n<tbody>\n<tr>\n<td><strong>Ham Madde:<\/strong><\/td>\n<td>D\u00fc\u015f\u00fck Karbonlu \u00c7elik Filma\u015fin<\/td>\n<\/tr>\n<tr>\n<td><strong>\u00c7ekme Mukavemeti:<\/strong><\/td>\n<td>700 \u2013 900 mm<\/td>\n<\/tr>\n<tr>\n<td><strong>\u00c7ivi \u00c7ap\u0131:<\/strong><\/td>\n<td>2,2 mm &#8211; 4,2 mm<\/td>\n<\/tr>\n<tr>\n<td><strong>\u00c7ivi Boylar\u0131:<\/strong><\/td>\n<td>60 mm &#8211; 80 mm &#8211; 100 mm<\/td>\n<\/tr>\n<tr>\n<td><strong>Paketleme:<\/strong><\/td>\n<td>25 kg Karton Kutu<\/td>\n<\/tr>\n<tr>\n<\/tbody>\n<\/table>\t\t\t\t\t\t<\/div>\n\t\t\t\t<\/div>\n\t\t\t\t<div class=\"elementor-element elementor-element-d6db367 elementor-widget elementor-widget-text-editor\" data-id=\"d6db367\" data-element_type=\"widget\" data-widget_type=\"text-editor.default\">\n\t\t\t\t<div class=\"elementor-widget-container\">\n\t\t\t\t\t\t\t<h2>Kullan\u0131m Alanlar\u0131<\/h2>\n<ul><li>Tar\u0131m uygulamalar\u0131nda bah\u00e7e yap\u0131lar\u0131, sebze bah\u00e7eleri ve \u00e7iftlik yap\u0131m\u0131nda d\u00f6kme \u00e7iviler kullan\u0131l\u0131r.<\/li><li>D\u00f6kme \u00e7iviler, in\u015faat sekt\u00f6r\u00fcnde ah\u015fap \u00e7er\u00e7evelerin, ta\u015f\u0131y\u0131c\u0131lar\u0131n\u0131n, d\u00f6\u015femelerin ve di\u011fer yap\u0131sal elemanlar\u0131n birbirine tutturulmas\u0131 veya sabitlenmesi i\u00e7in kullan\u0131l\u0131r.D\u00f6kme \u00e7iviler, \u00e7at\u0131 kaplamalar\u0131n\u0131n sabitlenmesi ve \u00e7at\u0131 \u00e7er\u00e7evelerinin birle\u015ftirilmesi i\u015flemlerinde kullan\u0131l\u0131r.<\/li><li>D\u00f6kme \u00e7iviler, mobilya yap\u0131m\u0131nda ah\u015fap par\u00e7alar\u0131n birbirine monte edilmesi i\u00e7in kullan\u0131l\u0131r. \u00d6zellikle kaliteli mobilya \u00fcretiminde s\u0131k\u00e7a kullan\u0131l\u0131rlar. Kap\u0131 ve pencere \u00e7er\u00e7evelerinin kurulumunda d\u00f6kme \u00e7iviler s\u0131k\u00e7a kullan\u0131l\u0131r.<\/li><li>Ah\u015fap ambalaj malzemeleri, d\u00f6kme \u00e7iviler kullan\u0131larak monte edilir.<\/li><\/ul>\t\t\t\t\t\t<\/div>\n\t\t\t\t<\/div>\n\t\t<div class=\"elementor-element elementor-element-dc170ee e-con-full e-flex e-con e-child\" data-id=\"dc170ee\" data-element_type=\"container\">\n\t\t\t\t<div class=\"elementor-element elementor-element-ed359fc elementor-widget elementor-widget-text-editor\" data-id=\"ed359fc\" data-element_type=\"widget\" data-widget_type=\"text-editor.default\">\n\t\t\t\t<div class=\"elementor-widget-container\">\n\t\t\t\t\t\t\t<h2 style=\"margin-bottom:5px\">Kullan\u0131lan Sekt\u00f6rler:<\/h2>\t\t\t\t\t\t<\/div>\n\t\t\t\t<\/div>\n\t\t<div class=\"elementor-element elementor-element-8218a76 e-grid e-con-full e-con e-child\" data-id=\"8218a76\" data-element_type=\"container\">\n\t\t\t\t<div class=\"elementor-element elementor-element-156310f elementor-widget elementor-widget-image\" data-id=\"156310f\" data-element_type=\"widget\" data-widget_type=\"image.default\">\n\t\t\t\t<div class=\"elementor-widget-container\">\n\t\t\t\t\t\t\t\t\t\t\t\t\t<img decoding=\"async\" width=\"90\" height=\"115\" src=\"https:\/\/project.multimedyaatolyesi.com\/albeon\/wp-content\/uploads\/2024\/10\/Tarim.png\" class=\"attachment-medium size-medium wp-image-970\" alt=\"Albayrak Demir \u00c7elik - Tar\u0131m Sekt\u00f6r\u00fc\" \/>\t\t\t\t\t\t\t\t\t\t\t\t\t<\/div>\n\t\t\t\t<\/div>\n\t\t\t\t<div class=\"elementor-element elementor-element-452525a elementor-widget elementor-widget-image\" data-id=\"452525a\" data-element_type=\"widget\" data-widget_type=\"image.default\">\n\t\t\t\t<div class=\"elementor-widget-container\">\n\t\t\t\t\t\t\t\t\t\t\t\t\t<img decoding=\"async\" width=\"90\" height=\"115\" src=\"https:\/\/project.multimedyaatolyesi.com\/albeon\/wp-content\/uploads\/2024\/10\/Insaat.png\" class=\"attachment-medium size-medium wp-image-965\" alt=\"Albayrak Demir \u00c7elik - \u0130n\u015faat Sekt\u00f6r\u00fc\" \/>\t\t\t\t\t\t\t\t\t\t\t\t\t<\/div>\n\t\t\t\t<\/div>\n\t\t\t\t<div class=\"elementor-element elementor-element-c504a72 elementor-widget elementor-widget-image\" data-id=\"c504a72\" data-element_type=\"widget\" data-widget_type=\"image.default\">\n\t\t\t\t<div class=\"elementor-widget-container\">\n\t\t\t\t\t\t\t\t\t\t\t\t\t<img decoding=\"async\" width=\"90\" height=\"115\" src=\"https:\/\/project.multimedyaatolyesi.com\/albeon\/wp-content\/uploads\/2024\/10\/Mobilya.png\" class=\"attachment-medium size-medium wp-image-967\" alt=\"Albayrak Demir \u00c7elik - Mobilya Sekt\u00f6r\u00fc\" \/>\t\t\t\t\t\t\t\t\t\t\t\t\t<\/div>\n\t\t\t\t<\/div>\n\t\t\t\t<div class=\"elementor-element elementor-element-b55ade6 elementor-widget elementor-widget-image\" data-id=\"b55ade6\" data-element_type=\"widget\" data-widget_type=\"image.default\">\n\t\t\t\t<div class=\"elementor-widget-container\">\n\t\t\t\t\t\t\t\t\t\t\t\t\t<img loading=\"lazy\" decoding=\"async\" width=\"90\" height=\"115\" src=\"https:\/\/project.multimedyaatolyesi.com\/albeon\/wp-content\/uploads\/2024\/10\/Paket.png\" class=\"attachment-medium size-medium wp-image-969\" alt=\"Albayrak Demir \u00c7elik - Paket Sekt\u00f6r\u00fc\" \/>\t\t\t\t\t\t\t\t\t\t\t\t\t<\/div>\n\t\t\t\t<\/div>\n\t\t\t\t<\/div>\n\t\t\t\t<\/div>\n\t\t\t\t<div class=\"elementor-element elementor-element-319e2c8 elementor-widget elementor-widget-text-editor\" data-id=\"319e2c8\" data-element_type=\"widget\" data-widget_type=\"text-editor.default\">\n\t\t\t\t<div class=\"elementor-widget-container\">\n\t\t\t\t\t\t\t<h2>\u00dcr\u00fcn \u00c7e\u015fitleri<\/h2>\n<ul><li>6\u2019l\u0131k \u0130n\u015faat \u00c7ivisi<\/li><li>8\u2019lik \u0130n\u015faat \u00c7ivisi<\/li><li>10\u2019luk \u0130n\u015faat \u00c7ivisi<\/li><\/ul>\t\t\t\t\t\t<\/div>\n\t\t\t\t<\/div>\n\t\t\t\t\t<\/div>\n\t\t\t\t<\/div>\n\t\t\t\t<\/div>\n\t\t","protected":false},"featured_media":375,"template":"","meta":{"_acf_changed":false,"_eb_attr":""},"class_list":["post-730","product","type-product","status-publish","has-post-thumbnail","hentry"],"acf":[],"yoast_head":"<!-- This site is optimized with the Yoast SEO plugin v23.5 - https:\/\/yoast.com\/wordpress\/plugins\/seo\/ -->\n<title>\u0130n\u015faat \u00c7ivisi - Albayrak Demir \u00c7elik<\/title>\n<meta name=\"description\" content=\"D\u00f6kme \u00e7iviler, genellikle in\u015faat sekt\u00f6r\u00fcnde, ah\u015fap \u00fcr\u00fcnlerin birbirine ba\u011flanmas\u0131 veya sabitlenmesi amac\u0131yla kullan\u0131l\u0131rlar.\" \/>\n<meta name=\"robots\" content=\"index, follow, max-snippet:-1, max-image-preview:large, max-video-preview:-1\" \/>\n<link rel=\"canonical\" href=\"https:\/\/project.multimedyaatolyesi.com\/albeon\/tr\/product\/insaat-civisi\/\" \/>\n<meta property=\"og:locale\" content=\"tr_TR\" \/>\n<meta property=\"og:type\" content=\"article\" \/>\n<meta property=\"og:title\" content=\"\u0130n\u015faat \u00c7ivisi - Albayrak Demir \u00c7elik\" \/>\n<meta property=\"og:description\" content=\"D\u00f6kme \u00e7iviler, genellikle in\u015faat sekt\u00f6r\u00fcnde, ah\u015fap \u00fcr\u00fcnlerin birbirine ba\u011flanmas\u0131 veya sabitlenmesi amac\u0131yla kullan\u0131l\u0131rlar.\" \/>\n<meta property=\"og:url\" content=\"https:\/\/project.multimedyaatolyesi.com\/albeon\/tr\/product\/insaat-civisi\/\" \/>\n<meta property=\"og:site_name\" content=\"Albayrak Demir \u00c7elik\" \/>\n<meta property=\"article:publisher\" content=\"https:\/\/www.facebook.com\/albayrakdemircelik\" \/>\n<meta property=\"article:modified_time\" content=\"2024-10-14T10:15:49+00:00\" \/>\n<meta property=\"og:image\" content=\"https:\/\/project.multimedyaatolyesi.com\/albeon\/wp-content\/uploads\/2024\/10\/civi-slider-3.png\" \/>\n\t<meta property=\"og:image:width\" content=\"850\" \/>\n\t<meta property=\"og:image:height\" content=\"400\" \/>\n\t<meta property=\"og:image:type\" content=\"image\/png\" \/>\n<meta name=\"twitter:card\" content=\"summary_large_image\" \/>\n<meta name=\"twitter:site\" content=\"@albayrakDC\" \/>\n<meta name=\"twitter:label1\" content=\"Tahmini okuma s\u00fcresi\" \/>\n\t<meta name=\"twitter:data1\" content=\"2 dakika\" \/>\n<script type=\"application\/ld+json\" class=\"yoast-schema-graph\">{\"@context\":\"https:\/\/schema.org\",\"@graph\":[{\"@type\":\"WebPage\",\"@id\":\"https:\/\/project.multimedyaatolyesi.com\/albeon\/tr\/product\/insaat-civisi\/\",\"url\":\"https:\/\/project.multimedyaatolyesi.com\/albeon\/tr\/product\/insaat-civisi\/\",\"name\":\"\u0130n\u015faat \u00c7ivisi - Albayrak Demir \u00c7elik\",\"isPartOf\":{\"@id\":\"https:\/\/project.multimedyaatolyesi.com\/albeon\/#website\"},\"primaryImageOfPage\":{\"@id\":\"https:\/\/project.multimedyaatolyesi.com\/albeon\/tr\/product\/insaat-civisi\/#primaryimage\"},\"image\":{\"@id\":\"https:\/\/project.multimedyaatolyesi.com\/albeon\/tr\/product\/insaat-civisi\/#primaryimage\"},\"thumbnailUrl\":\"https:\/\/project.multimedyaatolyesi.com\/albeon\/wp-content\/uploads\/2024\/10\/civi-slider-3.png\",\"datePublished\":\"2024-10-08T07:53:57+00:00\",\"dateModified\":\"2024-10-14T10:15:49+00:00\",\"description\":\"D\u00f6kme \u00e7iviler, genellikle in\u015faat sekt\u00f6r\u00fcnde, ah\u015fap \u00fcr\u00fcnlerin birbirine ba\u011flanmas\u0131 veya sabitlenmesi amac\u0131yla kullan\u0131l\u0131rlar.\",\"breadcrumb\":{\"@id\":\"https:\/\/project.multimedyaatolyesi.com\/albeon\/tr\/product\/insaat-civisi\/#breadcrumb\"},\"inLanguage\":\"tr\",\"potentialAction\":[{\"@type\":\"ReadAction\",\"target\":[\"https:\/\/project.multimedyaatolyesi.com\/albeon\/tr\/product\/insaat-civisi\/\"]}]},{\"@type\":\"ImageObject\",\"inLanguage\":\"tr\",\"@id\":\"https:\/\/project.multimedyaatolyesi.com\/albeon\/tr\/product\/insaat-civisi\/#primaryimage\",\"url\":\"https:\/\/project.multimedyaatolyesi.com\/albeon\/wp-content\/uploads\/2024\/10\/civi-slider-3.png\",\"contentUrl\":\"https:\/\/project.multimedyaatolyesi.com\/albeon\/wp-content\/uploads\/2024\/10\/civi-slider-3.png\",\"width\":850,\"height\":400,\"caption\":\"\u00c7ivi Slider - 1\"},{\"@type\":\"BreadcrumbList\",\"@id\":\"https:\/\/project.multimedyaatolyesi.com\/albeon\/tr\/product\/insaat-civisi\/#breadcrumb\",\"itemListElement\":[{\"@type\":\"ListItem\",\"position\":1,\"name\":\"Albayrak Demir \u00c7elik\",\"item\":\"https:\/\/project.multimedyaatolyesi.com\/albeon\/tr\/anasayfa\/\"},{\"@type\":\"ListItem\",\"position\":2,\"name\":\"\u0130n\u015faat \u00c7ivisi\"}]},{\"@type\":\"WebSite\",\"@id\":\"https:\/\/project.multimedyaatolyesi.com\/albeon\/#website\",\"url\":\"https:\/\/project.multimedyaatolyesi.com\/albeon\/\",\"name\":\"Albayrak Demir \u00c7elik\",\"description\":\"Albayrak Demir \u00c7elik\",\"publisher\":{\"@id\":\"https:\/\/project.multimedyaatolyesi.com\/albeon\/#organization\"},\"alternateName\":\"Albayrak Demir \u00c7elik\",\"potentialAction\":[{\"@type\":\"SearchAction\",\"target\":{\"@type\":\"EntryPoint\",\"urlTemplate\":\"https:\/\/project.multimedyaatolyesi.com\/albeon\/?s={search_term_string}\"},\"query-input\":{\"@type\":\"PropertyValueSpecification\",\"valueRequired\":true,\"valueName\":\"search_term_string\"}}],\"inLanguage\":\"tr\"},{\"@type\":\"Organization\",\"@id\":\"https:\/\/project.multimedyaatolyesi.com\/albeon\/#organization\",\"name\":\"Albayrak Demir \u00c7elik\",\"alternateName\":\"Albayrak Demir \u00c7elik\",\"url\":\"https:\/\/project.multimedyaatolyesi.com\/albeon\/\",\"logo\":{\"@type\":\"ImageObject\",\"inLanguage\":\"tr\",\"@id\":\"https:\/\/project.multimedyaatolyesi.com\/albeon\/#\/schema\/logo\/image\/\",\"url\":\"https:\/\/project.multimedyaatolyesi.com\/albeon\/wp-content\/uploads\/2024\/10\/albean-sat1s-transformed-1.png\",\"contentUrl\":\"https:\/\/project.multimedyaatolyesi.com\/albeon\/wp-content\/uploads\/2024\/10\/albean-sat1s-transformed-1.png\",\"width\":1240,\"height\":935,\"caption\":\"Albayrak Demir \u00c7elik\"},\"image\":{\"@id\":\"https:\/\/project.multimedyaatolyesi.com\/albeon\/#\/schema\/logo\/image\/\"},\"sameAs\":[\"https:\/\/www.facebook.com\/albayrakdemircelik\",\"https:\/\/x.com\/albayrakDC\",\"https:\/\/www.youtube.com\/@albayrakdemircelik\",\"https:\/\/www.instagram.com\/albayrakdemircelik\/\",\"https:\/\/www.linkedin.com\/company\/albayrak-demir-\u00e7elik\/?viewAsMember=true\"]}]}<\/script>\n<!-- \/ Yoast SEO plugin. -->","yoast_head_json":{"title":"\u0130n\u015faat \u00c7ivisi - Albayrak Demir \u00c7elik","description":"D\u00f6kme \u00e7iviler, genellikle in\u015faat sekt\u00f6r\u00fcnde, ah\u015fap \u00fcr\u00fcnlerin birbirine ba\u011flanmas\u0131 veya sabitlenmesi amac\u0131yla kullan\u0131l\u0131rlar.","robots":{"index":"index","follow":"follow","max-snippet":"max-snippet:-1","max-image-preview":"max-image-preview:large","max-video-preview":"max-video-preview:-1"},"canonical":"https:\/\/project.multimedyaatolyesi.com\/albeon\/tr\/product\/insaat-civisi\/","og_locale":"tr_TR","og_type":"article","og_title":"\u0130n\u015faat \u00c7ivisi - Albayrak Demir \u00c7elik","og_description":"D\u00f6kme \u00e7iviler, genellikle in\u015faat sekt\u00f6r\u00fcnde, ah\u015fap \u00fcr\u00fcnlerin birbirine ba\u011flanmas\u0131 veya sabitlenmesi amac\u0131yla kullan\u0131l\u0131rlar.","og_url":"https:\/\/project.multimedyaatolyesi.com\/albeon\/tr\/product\/insaat-civisi\/","og_site_name":"Albayrak Demir \u00c7elik","article_publisher":"https:\/\/www.facebook.com\/albayrakdemircelik","article_modified_time":"2024-10-14T10:15:49+00:00","og_image":[{"width":850,"height":400,"url":"https:\/\/project.multimedyaatolyesi.com\/albeon\/wp-content\/uploads\/2024\/10\/civi-slider-3.png","type":"image\/png"}],"twitter_card":"summary_large_image","twitter_site":"@albayrakDC","twitter_misc":{"Tahmini okuma s\u00fcresi":"2 dakika"},"schema":{"@context":"https:\/\/schema.org","@graph":[{"@type":"WebPage","@id":"https:\/\/project.multimedyaatolyesi.com\/albeon\/tr\/product\/insaat-civisi\/","url":"https:\/\/project.multimedyaatolyesi.com\/albeon\/tr\/product\/insaat-civisi\/","name":"\u0130n\u015faat \u00c7ivisi - Albayrak Demir \u00c7elik","isPartOf":{"@id":"https:\/\/project.multimedyaatolyesi.com\/albeon\/#website"},"primaryImageOfPage":{"@id":"https:\/\/project.multimedyaatolyesi.com\/albeon\/tr\/product\/insaat-civisi\/#primaryimage"},"image":{"@id":"https:\/\/project.multimedyaatolyesi.com\/albeon\/tr\/product\/insaat-civisi\/#primaryimage"},"thumbnailUrl":"https:\/\/project.multimedyaatolyesi.com\/albeon\/wp-content\/uploads\/2024\/10\/civi-slider-3.png","datePublished":"2024-10-08T07:53:57+00:00","dateModified":"2024-10-14T10:15:49+00:00","description":"D\u00f6kme \u00e7iviler, genellikle in\u015faat sekt\u00f6r\u00fcnde, ah\u015fap \u00fcr\u00fcnlerin birbirine ba\u011flanmas\u0131 veya sabitlenmesi amac\u0131yla kullan\u0131l\u0131rlar.","breadcrumb":{"@id":"https:\/\/project.multimedyaatolyesi.com\/albeon\/tr\/product\/insaat-civisi\/#breadcrumb"},"inLanguage":"tr","potentialAction":[{"@type":"ReadAction","target":["https:\/\/project.multimedyaatolyesi.com\/albeon\/tr\/product\/insaat-civisi\/"]}]},{"@type":"ImageObject","inLanguage":"tr","@id":"https:\/\/project.multimedyaatolyesi.com\/albeon\/tr\/product\/insaat-civisi\/#primaryimage","url":"https:\/\/project.multimedyaatolyesi.com\/albeon\/wp-content\/uploads\/2024\/10\/civi-slider-3.png","contentUrl":"https:\/\/project.multimedyaatolyesi.com\/albeon\/wp-content\/uploads\/2024\/10\/civi-slider-3.png","width":850,"height":400,"caption":"\u00c7ivi Slider - 1"},{"@type":"BreadcrumbList","@id":"https:\/\/project.multimedyaatolyesi.com\/albeon\/tr\/product\/insaat-civisi\/#breadcrumb","itemListElement":[{"@type":"ListItem","position":1,"name":"Albayrak Demir \u00c7elik","item":"https:\/\/project.multimedyaatolyesi.com\/albeon\/tr\/anasayfa\/"},{"@type":"ListItem","position":2,"name":"\u0130n\u015faat \u00c7ivisi"}]},{"@type":"WebSite","@id":"https:\/\/project.multimedyaatolyesi.com\/albeon\/#website","url":"https:\/\/project.multimedyaatolyesi.com\/albeon\/","name":"Albayrak Demir \u00c7elik","description":"Albayrak Demir \u00c7elik","publisher":{"@id":"https:\/\/project.multimedyaatolyesi.com\/albeon\/#organization"},"alternateName":"Albayrak Demir \u00c7elik","potentialAction":[{"@type":"SearchAction","target":{"@type":"EntryPoint","urlTemplate":"https:\/\/project.multimedyaatolyesi.com\/albeon\/?s={search_term_string}"},"query-input":{"@type":"PropertyValueSpecification","valueRequired":true,"valueName":"search_term_string"}}],"inLanguage":"tr"},{"@type":"Organization","@id":"https:\/\/project.multimedyaatolyesi.com\/albeon\/#organization","name":"Albayrak Demir \u00c7elik","alternateName":"Albayrak Demir \u00c7elik","url":"https:\/\/project.multimedyaatolyesi.com\/albeon\/","logo":{"@type":"ImageObject","inLanguage":"tr","@id":"https:\/\/project.multimedyaatolyesi.com\/albeon\/#\/schema\/logo\/image\/","url":"https:\/\/project.multimedyaatolyesi.com\/albeon\/wp-content\/uploads\/2024\/10\/albean-sat1s-transformed-1.png","contentUrl":"https:\/\/project.multimedyaatolyesi.com\/albeon\/wp-content\/uploads\/2024\/10\/albean-sat1s-transformed-1.png","width":1240,"height":935,"caption":"Albayrak Demir \u00c7elik"},"image":{"@id":"https:\/\/project.multimedyaatolyesi.com\/albeon\/#\/schema\/logo\/image\/"},"sameAs":["https:\/\/www.facebook.com\/albayrakdemircelik","https:\/\/x.com\/albayrakDC","https:\/\/www.youtube.com\/@albayrakdemircelik","https:\/\/www.instagram.com\/albayrakdemircelik\/","https:\/\/www.linkedin.com\/company\/albayrak-demir-\u00e7elik\/?viewAsMember=true"]}]}},"_links":{"self":[{"href":"https:\/\/project.multimedyaatolyesi.com\/albeon\/wp-json\/wp\/v2\/product\/730","targetHints":{"allow":["GET"]}}],"collection":[{"href":"https:\/\/project.multimedyaatolyesi.com\/albeon\/wp-json\/wp\/v2\/product"}],"about":[{"href":"https:\/\/project.multimedyaatolyesi.com\/albeon\/wp-json\/wp\/v2\/types\/product"}],"version-history":[{"count":7,"href":"https:\/\/project.multimedyaatolyesi.com\/albeon\/wp-json\/wp\/v2\/product\/730\/revisions"}],"predecessor-version":[{"id":997,"href":"https:\/\/project.multimedyaatolyesi.com\/albeon\/wp-json\/wp\/v2\/product\/730\/revisions\/997"}],"wp:featuredmedia":[{"embeddable":true,"href":"https:\/\/project.multimedyaatolyesi.com\/albeon\/wp-json\/wp\/v2\/media\/375"}],"wp:attachment":[{"href":"https:\/\/project.multimedyaatolyesi.com\/albeon\/wp-json\/wp\/v2\/media?parent=730"}],"curies":[{"name":"wp","href":"https:\/\/api.w.org\/{rel}","templated":true}]}}